{"id":4765,"date":"2020-08-12T19:03:25","date_gmt":"2020-08-12T19:03:25","guid":{"rendered":"https:\/\/www.amoatostudio.com\/?page_id=4765"},"modified":"2023-02-08T01:19:53","modified_gmt":"2023-02-08T01:19:53","slug":"politica-de-privacidad","status":"publish","type":"page","link":"https:\/\/www.amoatostudio.com\/en\/politica-de-privacidad\/","title":{"rendered":"Politica de Privacidad"},"content":{"rendered":"<p>[et_pb_section fb_built=&#8221;1&#8243; disabled_on=&#8221;off|off|off&#8221; admin_label=&#8221;Section DTOP&#8221; _builder_version=&#8221;4.5.6&#8243; custom_margin=&#8221;-80px|16px||16px|false|true&#8221; da_disable_devices=&#8221;off|off|off&#8221; collapsed=&#8221;off&#8221; da_is_popup=&#8221;off&#8221; da_exit_intent=&#8221;off&#8221; da_has_close=&#8221;on&#8221; da_alt_close=&#8221;off&#8221; da_dark_close=&#8221;off&#8221; da_not_modal=&#8221;on&#8221; da_is_singular=&#8221;off&#8221; da_with_loader=&#8221;off&#8221; da_has_shadow=&#8221;on&#8221;][et_pb_row column_structure=&#8221;1_2,1_2&#8243; custom_padding_last_edited=&#8221;on|phone&#8221; _builder_version=&#8221;4.5.6&#8243; width=&#8221;93%&#8221; custom_padding=&#8221;10%||10%||false|false&#8221; custom_padding_tablet=&#8221;&#8221; custom_padding_phone=&#8221;30%||10%||false|false&#8221;][et_pb_column type=&#8221;1_2&#8243; _builder_version=&#8221;4.4.8&#8243;][et_pb_text _builder_version=&#8221;4.7.7&#8243; _module_preset=&#8221;default&#8221; custom_padding=&#8221;||30px||false|false&#8221;]<\/p>\n<h1>Privacy Policy<\/h1>\n<p>[\/et_pb_text][et_pb_text _builder_version=&#8221;4.7.7&#8243; _module_preset=&#8221;default&#8221;]<\/p>\n<p>AVISO DE PRIVACIDAD<\/p>\n<p>Amoato Studio, S.A. de C.V.<\/p>\n<p>Amoato Studio, S.A. de C.V., (en lo sucesivo \u201cAmoato\u201d o \u201cNosotros\u201d), con domicilio en la Calle de Dinamarca n\u00famero 86, interior 6, Colonia Ju\u00e1rez, C.P. 06600, Alcald\u00eda Cuauht\u00e9moc, Ciudad de M\u00e9xico, M\u00e9xico, con Registro Federal de Contribuyentes n\u00famero AST110701TA4 y sitio web https:\/\/www.amoatostudio.com, as\u00ed como cualquier otro subdominio, dominio vinculado o redireccionado al sitio web (en adelante el \u201cSitio\u201d), es el Responsable del tratamiento y protecci\u00f3n de los Datos Personales (los \u201cDatos Personales\u201d), que compartas con Amoato.<\/p>\n<p>Amoato valora la privacidad de todas la personas (en adelante \u201cUsted\u201d) que comparten sus datos personales con Nosotros como clientes, usuarios, proveedores y empleados (en conjunto el \u201cTitular\u201d) y se compromete a protegerlos, en tal sentido, Amoato hace de su conocimiento el presente Aviso de Privacidad (el \u201cAviso de Privacidad\u201d).<\/p>\n<p>Finalidades de Uso.<\/p>\n<p>I. Los Datos Personales que recabamos de Usted, los utilizaremos para las siguientes finalidades:<\/p>\n<p>-Finalidades Principales: (i) Proveer a los Titulares los servicios que hayan solicitado; (ii) Identificar y poder contactar al Titular en la prestaci\u00f3n de los servicios; (iii) Atender los comentarios, quejas y sugerencias de los Titulares, as\u00ed como brindar soporte; (iv) Realizar Contrataciones; y (v) Cumplir con obligaciones legales y requerimientos de autoridades competentes.<\/p>\n<p>-Finalidades Secundarias: (i) Evaluar la calidad en el servicio; (ii) Promocionar los servicios de Amoato; y (iii) Realizar el an\u00e1lisis de datos estad\u00edsticos.<\/p>\n<p>Para las finalidades antes mencionadas, Amoato podr\u00e1 solicitar una o m\u00e1s de las siguientes categor\u00edas de Datos Personales:<\/p>\n<p>-Datos de identificaci\u00f3n;<\/p>\n<p>-Datos de contacto;<\/p>\n<p>-Datos laborales;<\/p>\n<p>-Datos acad\u00e9micos;<\/p>\n<p>-Datos patrimoniales o financieros; y<\/p>\n<p>-Datos de Titular en redes sociales.<\/p>\n<p>II. Datos Personales de menores.<\/p>\n<p>Amoato es una sociedad comprometida con la privacidad de los menores e incapaces; por ello, nos abstenemos de recabar y\/o tratar, intencionalmente, los Datos Personales de los que sean titulares los mismos y no se ha obtenido con el consentimiento expreso de sus padres, tutores o representantes legales.<\/p>\n<p>S\u00ed usted es padre, tutor o representante legal de un menor o incapaz y sabe que nos ha proporcionado Datos Personales sin su consentimiento, podr\u00e1 solicitar que los mismos sean cancelados por medio del procedimiento y de los medios descritos en los apartados posteriores.<\/p>\n<p>III. Procedimiento de cancelaci\u00f3n de publicidad y mercadotecnia.<\/p>\n<p>En caso de recibir publicidad electr\u00f3nica, por parte de Amoato, los Titulares podr\u00e1n solicitar en cualquier momento la cancelaci\u00f3n del env\u00edo de correos electr\u00f3nicos, mediante una respuesta a cualquier correo electr\u00f3nico con la siguiente frase: \u201cNo quiero recibir m\u00e1s correos de este tipo\u201d.<\/p>\n<p>IV. Base jur\u00eddica para el tratamiento de los Datos Personales.<\/p>\n<p>La base jur\u00eddica para el tratamiento de los Datos Personales de los Titulares es Ley Federal de Protecci\u00f3n de Datos Personales en Propiedad de los Particulares, su Reglamento y lineamientos. El Titular reconoce y acepta que el presente Aviso de Privacidad est\u00e1 regulado conforme a las leyes de la Rep\u00fablica Mexicana, por lo que, sin importar el lugar o nacionalidad del Titular, este se obliga a resolver cualquier disputa o interpretaci\u00f3n en los tribunales mexicanos y con apego leyes vigentes aplicables de la Ciudad de M\u00e9xico, renunciando a cualquier otra jurisdicci\u00f3n derivada de nacionalidad, domicilio y cualesquiera otro motivo presente o futuro.<\/p>\n<p>V. Tratamiento de Datos Personales sensibles.<\/p>\n<p>Amoato NO solicita, recaba, trata, ni utiliza Datos Personales considerados como sensibles dentro de lo que establece la Ley Federal de Protecci\u00f3n de Datos Personales en Posesi\u00f3n de los Particulares.<\/p>\n<p>VI. Disociaci\u00f3n de Datos.<\/p>\n<p>Amoato se compromete a que, en caso de utilizar los Datos Personales para generar datos estad\u00edsticos, los mismos se someter\u00e1n a procesos de disociaci\u00f3n, de modo tal que no puedan ser asociados con el Titular.<\/p>\n<p>VII. Transferencia de Datos Personales.<\/p>\n<p>Al aceptar el presente Aviso de Privacidad, durante el tiempo que se conserven sus Datos Personales, el Titular reconoce y acepta que Amoato podr\u00e1 comunicarlos o dar acceso de manera parcial o total de los Datos Personales, sin necesidad de solicitar nuevamente autorizaci\u00f3n al Titular, a:<\/p>\n<p>A. Proveedores de Servicios: terceros que son contratados para actuar en nombre y bajo las instrucciones de Amoato, como: (i) Empresas o instituciones dedicadas a la gesti\u00f3n y medios de pago; (ii) Servicios administrativos, jur\u00eddicos y\/o de contabilidad; (iii) Proveedores de sistemas inform\u00e1ticos, servicios en la nube y proveedores de servicios tecnol\u00f3gicos en general; (iv) Centros de atenci\u00f3n al cliente; (v) Agencias de publicidad o marketing; (vi) An\u00e1lisis de datos; (vii) Desarrolladores; o (viii) Agencias de cobranzas. La informaci\u00f3n que se brindar\u00e1 a estos proveedores ser\u00e1 \u00fanica y exclusivamente la necesaria para la debida ejecuci\u00f3n de los Servicios que brindar\u00e1n a Amoato.<\/p>\n<p>B. Aliados comerciales: Instituciones o empresas con las cuales Amoato colabore para ofrecer un mejor Servicio.<\/p>\n<p>C. Autoridades: Las autoridades administrativas y judiciales que en ejercicio de su competencia requieran informaci\u00f3n, o cuando Amoato discrecionalmente considere que existen motivos suficientes para suponer la comisi\u00f3n de alguna falta o delito.<\/p>\n<p>Amoato no va a comunicar, transmitir o ceder Datos Personales a ning\u00fan destinatario, ajeno a los mencionados en los p\u00e1rrafos anteriores sin autorizaci\u00f3n expresa o por escrito de su parte.<\/p>\n<p>Los terceros a los cuales se les remita informaci\u00f3n del Titular conocen y se obligan a cumplir con lo establecido en el Aviso de Privacidad de Amoato.<\/p>\n<p>En este sentido, s\u00ed el Titular no manifiesta su oposici\u00f3n para que sus Datos Personales no sensibles sean comunicados a los Terceros, se entender\u00e1 que ha otorgado su consentimiento t\u00e1cito al respecto.<\/p>\n<p>En caso de que Amoato sea adquirido por un tercero, los Datos Personales recabados ser\u00e1n transferidos al adquirente de Amoato. En ese caso, el adquirente, como nuevo responsable del tratamiento de sus Datos Personales, seguir\u00e1 manteniendo las medidas de seguridad administrativas, t\u00e9cnicas y f\u00edsicas necesarias que permitan garantizar la privacidad y protecci\u00f3n de los Datos Personales recabados del Titular contra da\u00f1o, p\u00e9rdida, alteraci\u00f3n, destrucci\u00f3n o el uso, acceso o tratamiento no autorizado de los mismos de conformidad con lo establecido en el presente Aviso de Privacidad. Lo anterior en el entendido de que los Titulares deber\u00e1n aceptar las nuevas pol\u00edticas de privacidad.<\/p>\n<p>VIII. Medidas de protecci\u00f3n de los Datos Personales.<\/p>\n<p>Nos comprometemos a que la informaci\u00f3n recabada, ser\u00e1 tratada bajo medidas de seguridad, siempre garantizando su confidencialidad, por lo anterior, todos los Datos Personales recabados, ser\u00e1n almacenados en la base de datos o base de almacenamiento y recopilaci\u00f3n de informaci\u00f3n de Amoato (la \u201cBase de Datos\u201d), misma que cuenta con altas medidas de seguridad para resguardar la privacidad y protecci\u00f3n de los Datos Personales recabados contra da\u00f1o, p\u00e9rdida, alteraci\u00f3n, destrucci\u00f3n o el uso, acceso o tratamiento no autorizado de los mismos.<\/p>\n<p>En consecuencia, los Datos Personales se encuentran protegidos tanto en l\u00ednea, mediante c\u00f3digos de cifrado; como fuera de l\u00ednea, ya que s\u00f3lo el personal designado para realizar alguna tarea espec\u00edfica con los Datos Personales tiene acceso a la Base de Datos.<\/p>\n<p>IX. Plazo para conservar los Datos Personales.<\/p>\n<p>Sus Datos Personales se conservar\u00e1n conforme los plazos que establezca la Ley respectiva, a no ser que el Titular solicite la supresi\u00f3n de estos de acuerdo con el procedimiento establecido en el numeral XI (once romano) siguiente, de acuerdo con las obligaciones de resguardo exigidas por la legislaci\u00f3n vigente.<\/p>\n<p>X. Derechos de los Titulares en relaci\u00f3n con sus Datos Personales.<\/p>\n<p>De conformidad con la Ley Federal de Protecci\u00f3n de Datos Personales en Posesi\u00f3n de los Particulares y su reglamento, el Titular goza de los siguientes derechos en relaci\u00f3n con sus Datos Personales (\u201cDerechos ARCO(R)\u201d):<\/p>\n<p>-Derecho al Acceso a sus Datos Personales;<\/p>\n<p>-Derecho a solicitar su Rectificaci\u00f3n, cuando sean inexactos o incompletos;<\/p>\n<p>-Derecho a la Cancelaci\u00f3n de su tratamiento;<\/p>\n<p>-Derecho a Oponerse al tratamiento;<\/p>\n<p>-Derecho a la Revocaci\u00f3n en el tratamiento;<\/p>\n<p>-Derecho a solicitar la limitaci\u00f3n de su tratamiento;<\/p>\n<p>-Derecho a la portabilidad de sus Datos Personales; y<\/p>\n<p>-Derecho a presentar una reclamaci\u00f3n ante una autoridad de control.<\/p>\n<p>El Titular tiene derecho de acceder, rectificar y cancelar sus Datos Personales, as\u00ed como de oponerse al tratamiento de estos o revocar el consentimiento que para tal fin nos haya otorgado, a trav\u00e9s de los procedimientos que hemos implementado.<\/p>\n<p>XI. Si ha otorgado su consentimiento para alguna finalidad concreta, tiene derecho a retirar el consentimiento otorgado en cualquier momento, sin que ello afecte a la licitud del tratamiento, basado en el consentimiento previo a su retirada.<\/p>\n<p>Procedimiento para el ejercicio de los derechos ARCO (R).<\/p>\n<p>Para ejercer cualquiera de los derechos ARCO, el Titular deber\u00e1 dirigir un escrito libre a Amoato en los siguientes datos de contacto, y acompa\u00f1ando a su solicitud lo siguiente:<\/p>\n<p>\u00c1rea: Protecci\u00f3n de Datos Personales<\/p>\n<p>Correo electr\u00f3nico: finanzas@amoatostudio.com<\/p>\n<p>El Titular deber\u00e1 acompa\u00f1ar a su solicitud, lo siguiente:<\/p>\n<p>-Nombre del Titular.<\/p>\n<p>-Copia simple de los documentos que acrediten su identidad o, en su caso, la representaci\u00f3n legal del Titular.<\/p>\n<p>-La descripci\u00f3n clara y precisa de los Datos Personales del Titular respecto de los derechos que desea ejercer el Titular.<\/p>\n<p>La respuesta a la solicitud del Titular se realizar\u00e1 a trav\u00e9s del correo electr\u00f3nico, del cual se haya comunicado el Titular al momento de realizar su solicitud.<\/p>\n<p>En el caso de solicitudes de rectificaci\u00f3n de Datos Personales, el Titular deber\u00e1 indicar en la solicitud, adem\u00e1s de lo arriba se\u00f1alado, las modificaciones a realizarse y aportar la documentaci\u00f3n que sustente la petici\u00f3n.<\/p>\n<p>Amoato responder\u00e1 toda solicitud en un plazo m\u00e1ximo de 20 (veinte) d\u00edas h\u00e1biles contados desde la fecha de presentaci\u00f3n de la solicitud correspondiente, a efecto de que, si resulta procedente, se haga efectiva la misma dentro de los 15 (quince) d\u00edas h\u00e1biles siguientes a la fecha en que se comunique la respuesta.<\/p>\n<p>Trat\u00e1ndose de solicitudes de acceso a Datos Personales del Titular proceder\u00e1 el env\u00edo, previa acreditaci\u00f3n de la identidad del solicitante o representante legal, seg\u00fan corresponda.<\/p>\n<p>Los plazos antes referidos podr\u00e1n ser ampliados una sola vez por un periodo igual, siempre y cuando as\u00ed lo justifiquen las circunstancias del caso.<\/p>\n<p>Si el Titular considera que han sido vulnerados sus derechos respecto de la protecci\u00f3n de sus Datos Personales, tiene el derecho de acudir a la autoridad correspondiente para defender su ejercicio. La autoridad es el Instituto Nacional de Transparencia y Acceso a la Informaci\u00f3n y Protecci\u00f3n de Datos Personales (\u201cINAI\u201d) cuyo sitio web es: www.inai.org.mx<\/p>\n<p>XII. Decisiones automatizadas, elaboraci\u00f3n de perfiles o l\u00f3gica aplicada en relaci\u00f3n con los Datos Personales de los Titulares.<\/p>\n<p>Se informa que, durante el tratamiento de los Datos Personales de los Titulares no existen decisiones automatizadas y no se elaboran perfiles en d\u00f3nde se requiera una l\u00f3gica aplicada.<\/p>\n<p>XIII. Medios para recabar los Datos Personales.<\/p>\n<p>Los Datos Personales que tratamos en Amoato proceden directamente de los que el Titular nos proporcion\u00f3 de manera personal, a trav\u00e9s de medios electr\u00f3nicos y\/o del Sitio.<\/p>\n<p>XIV. Cookies y web beacons.<\/p>\n<p>Es importante mencionar que el Sitio hace uso de cookies, web beacons, a trav\u00e9s de las cuales, es posible analizar el comportamiento de los Titulares de internet dentro de nuestro portal, con el objetivo de brindarle un mejor servicio y experiencia al navegar en nuestro sitio. As\u00ed como ofrecerle servicios basados en tus preferencias. Los Datos Personales y\/o sensibles que recabamos a trav\u00e9s de estas tecnolog\u00edas, ser\u00e1n utilizados para los siguientes fines:<\/p>\n<p>-An\u00e1lisis y estad\u00edsticas de nuestro sitio en la web.<\/p>\n<p>-Mejorar el servicio, calidad y rendimiento de nuestro sitio en la web.<\/p>\n<p>-Ofrecerle nuevos productos y servicios basados en sus preferencias.<\/p>\n<p>La Informaci\u00f3n Personal que obtenemos de estas tecnolog\u00edas de an\u00e1lisis son los siguientes:<\/p>\n<p>-Caracter\u00edsticas t\u00e9cnicas del equipo del Titular.<\/p>\n<p>-Regi\u00f3n en la que se encuentra el Titular.<\/p>\n<p>-Tipo de navegador del Titular.<\/p>\n<p>-Tipo de sistema operativo del Titular.<\/p>\n<p>-Fecha y hora del acceso y salida del Titular de Nuestro Sitio.<\/p>\n<p>Estas tecnolog\u00edas podr\u00e1n deshabilitarse siempre y cuando se cuente con un navegador web con navegaci\u00f3n privada y sea habilitada la misma. No obstante, el deshabilitar o bloquear dichas tecnolog\u00edas de an\u00e1lisis, se puede ocasionar que el Sitio no funcione correctamente.<\/p>\n<p>XV. Enlaces a otros sitios.<\/p>\n<p>El Sitio puede contener enlaces a otros sitios que no son propiedad de Amoato. Por tanto, Amoato no se hace responsable de forma alguna, respecto de las pol\u00edticas de privacidad o el contenido de los sitios web a los que el Titular ingrese a trav\u00e9s de su p\u00e1gina web.<\/p>\n<p>XVI. Cambios en el Aviso de Privacidad.<\/p>\n<p>El presente Aviso de Privacidad podr\u00e1 sufrir modificaciones, cambios o actualizaciones de tiempo en el tiempo derivadas de nuevos requerimientos legales, de las necesidades propias por los servicios ofrecidos en Amoato, de las pr\u00e1cticas de privacidad, o bien, de cambios en el modelo de operaciones u otras causas.<\/p>\n<p>Amoato se compromete a mantener informado a los Titulares sobre los cambios que pueda sufrir el presente Aviso de Privacidad por medio del Sitio, o bien, por medio de cualquier otro medio que Amoato considere adecuado para mantener informado al Titular sobre tales circunstancias.<\/p>\n<p>Amoato realiza el tratamiento de los Datos Personales del Titular de conformidad con los principios de licitud, consentimiento, informaci\u00f3n, calidad, finalidad, lealtad y responsabilidad en t\u00e9rminos de conformidad a las disposiciones aplicables.<\/p>\n<p>XVII. Aceptaci\u00f3n de los T\u00e9rminos.<\/p>\n<p>Esta declaraci\u00f3n de Confidencialidad \/ Privacidad constituye un acuerdo legal entre el Titular y Amoato, por lo que si el Titular utiliza los servicios de Amoato significa que ha le\u00eddo, entendido y consentido los t\u00e9rminos antes expuestos.<\/p>\n<p>Este Aviso de Privacidad ser\u00e1 aplicable en los Estados Unidos Mexicanos, en los Estados Unidos de Norteam\u00e9rica y en la Uni\u00f3n Europea con base en lo aplicable en la Legislaci\u00f3n Mexicana y en el Reglamento General de Protecci\u00f3n de Datos (GDPR) de la Uni\u00f3n Europea, en lo que sea aplicable y no contravenga las disposiciones de la legislaci\u00f3n del estado donde el Titular resida.<\/p>\n<p>Fecha de \u00faltima actualizaci\u00f3n: 8 de febrero de 2023<\/p>\n<p>AMOATO STUDIO, S.A. DE C.V<\/p>\n<p>Queda prohibida la reproducci\u00f3n total o parcial, por cualquier medio o forma,<\/p>\n<p>sin la autorizaci\u00f3n previa, expresa y por escrito de su titular.<\/p>\n<p>[\/et_pb_text][\/et_pb_column][et_pb_column type=&#8221;1_2&#8243; _builder_version=&#8221;4.4.8&#8243;][\/et_pb_column][\/et_pb_row][\/et_pb_section]<\/p>","protected":false},"excerpt":{"rendered":"<p>Pol\u00edtica de PrivacidadAVISO DE PRIVACIDAD Amoato Studio, S.A. de C.V. Amoato Studio, S.A. de C.V., (en lo sucesivo \u201cAmoato\u201d o \u201cNosotros\u201d), con domicilio en la Calle de Dinamarca n\u00famero 86, interior 6, Colonia Ju\u00e1rez, C.P. 06600, Alcald\u00eda Cuauht\u00e9moc, Ciudad de M\u00e9xico, M\u00e9xico, con Registro Federal de Contribuyentes n\u00famero AST110701TA4 y sitio web https:\/\/www.amoatostudio.com, as\u00ed como [&hellip;]<\/p>","protected":false},"author":1,"featured_media":0,"parent":0,"menu_order":0,"comment_status":"closed","ping_status":"closed","template":"","meta":{"_et_pb_use_builder":"on","_et_pb_old_content":"","_et_gb_content_width":"","footnotes":""},"yoast_head":"<!-- This site is optimized with the Yoast SEO plugin v22.6 - https:\/\/yoast.com\/wordpress\/plugins\/seo\/ -->\n<title>Politica de Privacidad - AMOATO<\/title>\n<meta name=\"robots\" content=\"index, follow, max-snippet:-1, max-image-preview:large, max-video-preview:-1\" \/>\n<link rel=\"canonical\" href=\"https:\/\/www.amoatostudio.com\/en\/politica-de-privacidad\/\" \/>\n<meta property=\"og:locale\" content=\"en_US\" \/>\n<meta property=\"og:type\" content=\"article\" \/>\n<meta property=\"og:title\" content=\"Politica de Privacidad - AMOATO\" \/>\n<meta property=\"og:description\" content=\"Pol\u00edtica de PrivacidadAVISO DE PRIVACIDAD Amoato Studio, S.A. de C.V. Amoato Studio, S.A. de C.V., (en lo sucesivo \u201cAmoato\u201d o \u201cNosotros\u201d), con domicilio en la Calle de Dinamarca n\u00famero 86, interior 6, Colonia Ju\u00e1rez, C.P. 06600, Alcald\u00eda Cuauht\u00e9moc, Ciudad de M\u00e9xico, M\u00e9xico, con Registro Federal de Contribuyentes n\u00famero AST110701TA4 y sitio web https:\/\/www.amoatostudio.com, as\u00ed como [&hellip;]\" \/>\n<meta property=\"og:url\" content=\"https:\/\/www.amoatostudio.com\/en\/politica-de-privacidad\/\" \/>\n<meta property=\"og:site_name\" content=\"AMOATO\" \/>\n<meta property=\"article:publisher\" content=\"https:\/\/www.facebook.com\/amoATOstudio\/\" \/>\n<meta property=\"article:modified_time\" content=\"2023-02-08T01:19:53+00:00\" \/>\n<meta name=\"twitter:card\" content=\"summary_large_image\" \/>\n<meta name=\"twitter:label1\" content=\"Est. reading time\" \/>\n\t<meta name=\"twitter:data1\" content=\"13 minutes\" \/>\n<script type=\"application\/ld+json\" class=\"yoast-schema-graph\">{\"@context\":\"https:\/\/schema.org\",\"@graph\":[{\"@type\":\"WebPage\",\"@id\":\"https:\/\/www.amoatostudio.com\/politica-de-privacidad\/\",\"url\":\"https:\/\/www.amoatostudio.com\/politica-de-privacidad\/\",\"name\":\"Politica de Privacidad - AMOATO\",\"isPartOf\":{\"@id\":\"https:\/\/www.amoatostudio.com\/#website\"},\"datePublished\":\"2020-08-12T19:03:25+00:00\",\"dateModified\":\"2023-02-08T01:19:53+00:00\",\"breadcrumb\":{\"@id\":\"https:\/\/www.amoatostudio.com\/politica-de-privacidad\/#breadcrumb\"},\"inLanguage\":\"en-US\",\"potentialAction\":[{\"@type\":\"ReadAction\",\"target\":[\"https:\/\/www.amoatostudio.com\/politica-de-privacidad\/\"]}]},{\"@type\":\"BreadcrumbList\",\"@id\":\"https:\/\/www.amoatostudio.com\/politica-de-privacidad\/#breadcrumb\",\"itemListElement\":[{\"@type\":\"ListItem\",\"position\":1,\"name\":\"Inicio\",\"item\":\"https:\/\/www.amoatostudio.com\/\"},{\"@type\":\"ListItem\",\"position\":2,\"name\":\"Politica de Privacidad\"}]},{\"@type\":\"WebSite\",\"@id\":\"https:\/\/www.amoatostudio.com\/#website\",\"url\":\"https:\/\/www.amoatostudio.com\/\",\"name\":\"AMOATO\",\"description\":\"Creamos Experiencias Sorprendentes\",\"publisher\":{\"@id\":\"https:\/\/www.amoatostudio.com\/#organization\"},\"potentialAction\":[{\"@type\":\"SearchAction\",\"target\":{\"@type\":\"EntryPoint\",\"urlTemplate\":\"https:\/\/www.amoatostudio.com\/?s={search_term_string}\"},\"query-input\":\"required name=search_term_string\"}],\"inLanguage\":\"en-US\"},{\"@type\":\"Organization\",\"@id\":\"https:\/\/www.amoatostudio.com\/#organization\",\"name\":\"AMOATO\",\"url\":\"https:\/\/www.amoatostudio.com\/\",\"logo\":{\"@type\":\"ImageObject\",\"inLanguage\":\"en-US\",\"@id\":\"https:\/\/www.amoatostudio.com\/#\/schema\/logo\/image\/\",\"url\":\"https:\/\/www.amoatostudio.com\/wp-content\/uploads\/2020\/07\/AMOATO-LOGO-N.svg\",\"contentUrl\":\"https:\/\/www.amoatostudio.com\/wp-content\/uploads\/2020\/07\/AMOATO-LOGO-N.svg\",\"width\":1074,\"height\":176,\"caption\":\"AMOATO\"},\"image\":{\"@id\":\"https:\/\/www.amoatostudio.com\/#\/schema\/logo\/image\/\"},\"sameAs\":[\"https:\/\/www.facebook.com\/amoATOstudio\/\",\"https:\/\/www.instagram.com\/amoato_studio\/\",\"https:\/\/www.linkedin.com\/company\/amoato-studio-s-a-de-c-v-\"]}]}<\/script>\n<!-- \/ Yoast SEO plugin. -->","yoast_head_json":{"title":"Politica de Privacidad - AMOATO","robots":{"index":"index","follow":"follow","max-snippet":"max-snippet:-1","max-image-preview":"max-image-preview:large","max-video-preview":"max-video-preview:-1"},"canonical":"https:\/\/www.amoatostudio.com\/en\/politica-de-privacidad\/","og_locale":"en_US","og_type":"article","og_title":"Politica de Privacidad - AMOATO","og_description":"Pol\u00edtica de PrivacidadAVISO DE PRIVACIDAD Amoato Studio, S.A. de C.V. Amoato Studio, S.A. de C.V., (en lo sucesivo \u201cAmoato\u201d o \u201cNosotros\u201d), con domicilio en la Calle de Dinamarca n\u00famero 86, interior 6, Colonia Ju\u00e1rez, C.P. 06600, Alcald\u00eda Cuauht\u00e9moc, Ciudad de M\u00e9xico, M\u00e9xico, con Registro Federal de Contribuyentes n\u00famero AST110701TA4 y sitio web https:\/\/www.amoatostudio.com, as\u00ed como [&hellip;]","og_url":"https:\/\/www.amoatostudio.com\/en\/politica-de-privacidad\/","og_site_name":"AMOATO","article_publisher":"https:\/\/www.facebook.com\/amoATOstudio\/","article_modified_time":"2023-02-08T01:19:53+00:00","twitter_card":"summary_large_image","twitter_misc":{"Est. reading time":"13 minutes"},"schema":{"@context":"https:\/\/schema.org","@graph":[{"@type":"WebPage","@id":"https:\/\/www.amoatostudio.com\/politica-de-privacidad\/","url":"https:\/\/www.amoatostudio.com\/politica-de-privacidad\/","name":"Politica de Privacidad - AMOATO","isPartOf":{"@id":"https:\/\/www.amoatostudio.com\/#website"},"datePublished":"2020-08-12T19:03:25+00:00","dateModified":"2023-02-08T01:19:53+00:00","breadcrumb":{"@id":"https:\/\/www.amoatostudio.com\/politica-de-privacidad\/#breadcrumb"},"inLanguage":"en-US","potentialAction":[{"@type":"ReadAction","target":["https:\/\/www.amoatostudio.com\/politica-de-privacidad\/"]}]},{"@type":"BreadcrumbList","@id":"https:\/\/www.amoatostudio.com\/politica-de-privacidad\/#breadcrumb","itemListElement":[{"@type":"ListItem","position":1,"name":"Inicio","item":"https:\/\/www.amoatostudio.com\/"},{"@type":"ListItem","position":2,"name":"Politica de Privacidad"}]},{"@type":"WebSite","@id":"https:\/\/www.amoatostudio.com\/#website","url":"https:\/\/www.amoatostudio.com\/","name":"AMOATO","description":"Creamos Experiencias Sorprendentes","publisher":{"@id":"https:\/\/www.amoatostudio.com\/#organization"},"potentialAction":[{"@type":"SearchAction","target":{"@type":"EntryPoint","urlTemplate":"https:\/\/www.amoatostudio.com\/?s={search_term_string}"},"query-input":"required name=search_term_string"}],"inLanguage":"en-US"},{"@type":"Organization","@id":"https:\/\/www.amoatostudio.com\/#organization","name":"AMOATO","url":"https:\/\/www.amoatostudio.com\/","logo":{"@type":"ImageObject","inLanguage":"en-US","@id":"https:\/\/www.amoatostudio.com\/#\/schema\/logo\/image\/","url":"https:\/\/www.amoatostudio.com\/wp-content\/uploads\/2020\/07\/AMOATO-LOGO-N.svg","contentUrl":"https:\/\/www.amoatostudio.com\/wp-content\/uploads\/2020\/07\/AMOATO-LOGO-N.svg","width":1074,"height":176,"caption":"AMOATO"},"image":{"@id":"https:\/\/www.amoatostudio.com\/#\/schema\/logo\/image\/"},"sameAs":["https:\/\/www.facebook.com\/amoATOstudio\/","https:\/\/www.instagram.com\/amoato_studio\/","https:\/\/www.linkedin.com\/company\/amoato-studio-s-a-de-c-v-"]}]}},"_links":{"self":[{"href":"https:\/\/www.amoatostudio.com\/en\/wp-json\/wp\/v2\/pages\/4765"}],"collection":[{"href":"https:\/\/www.amoatostudio.com\/en\/wp-json\/wp\/v2\/pages"}],"about":[{"href":"https:\/\/www.amoatostudio.com\/en\/wp-json\/wp\/v2\/types\/page"}],"author":[{"embeddable":true,"href":"https:\/\/www.amoatostudio.com\/en\/wp-json\/wp\/v2\/users\/1"}],"replies":[{"embeddable":true,"href":"https:\/\/www.amoatostudio.com\/en\/wp-json\/wp\/v2\/comments?post=4765"}],"version-history":[{"count":0,"href":"https:\/\/www.amoatostudio.com\/en\/wp-json\/wp\/v2\/pages\/4765\/revisions"}],"wp:attachment":[{"href":"https:\/\/www.amoatostudio.com\/en\/wp-json\/wp\/v2\/media?parent=4765"}],"curies":[{"name":"wp","href":"https:\/\/api.w.org\/{rel}","templated":true}]}}